{"id":1116,"date":"2022-04-29T04:28:13","date_gmt":"2022-04-29T04:28:13","guid":{"rendered":"https:\/\/arte-cap.com\/index.php\/about\/"},"modified":"2023-10-27T19:10:50","modified_gmt":"2023-10-27T22:10:50","slug":"about","status":"publish","type":"page","link":"https:\/\/arte-cap.com\/index.php\/about\/","title":{"rendered":"Sobre CAP"},"content":{"rendered":"\n<div class=\"wp-block-uagb-container uagb-block-ec57ae33 alignfull uagb-is-root-container\"><div class=\"uagb-container-inner-blocks-wrap\">\n<div class=\"wp-block-uagb-container uagb-block-b99b1654\">\n<div class=\"wp-block-uagb-info-box uagb-block-4a165757 uagb-infobox__content-wrap  uagb-infobox-icon-above-title uagb-infobox-image-valign-top\"><div class=\"uagb-ifb-content\"><div class=\"uagb-ifb-title-wrap\"><h1 class=\"uagb-ifb-title\">Sobre CAP<\/h1><\/div><p class=\"uagb-ifb-desc\">Conozca al artista abstracto atr\u00e1s de las obras m\u00e1s.<\/p><div class=\"uagb-ifb-separator\"><\/div><\/div><\/div>\n<\/div>\n<\/div><\/div>\n\n\n\n<div class=\"wp-block-uagb-container uagb-block-03926366 alignfull uagb-is-root-container\"><div class=\"uagb-container-inner-blocks-wrap\">\n<div class=\"wp-block-uagb-container uagb-block-d3634444\">\n<div class=\"wp-block-uagb-image alignleft uagb-block-bbccf630 wp-block-uagb-image--layout-default wp-block-uagb-image--effect-static wp-block-uagb-image--align-left\"><figure class=\"wp-block-uagb-image__figure\"><img decoding=\"async\" srcset=\"https:\/\/arte-cap.com\/wp-content\/uploads\/2023\/10\/Sobre-CAP.jpg \" sizes=\"(max-width: 480px) 150px\" src=\"https:\/\/arte-cap.com\/wp-content\/uploads\/2023\/10\/Sobre-CAP.jpg\" alt=\"\" class=\"uag-image-2021\" width=\"1500\" height=\"1500\" title=\"\" loading=\"lazy\"\/><\/figure><\/div>\n<\/div>\n\n\n\n<div class=\"wp-block-uagb-container uagb-block-4596b95e\">\n<div class=\"wp-block-uagb-advanced-heading uagb-block-755d0607\"><h4 class=\"uagb-heading-text\">CAP &#8211; Carlos Alberto Pignataro<\/h4><\/div>\n\n\n\n<div class=\"wp-block-uagb-info-box uagb-block-02d384db uagb-infobox__content-wrap  uagb-infobox-icon-above-title uagb-infobox-image-valign-top\"><div class=\"uagb-ifb-content\"><div class=\"uagb-ifb-title-wrap\"><span class=\"uagb-ifb-title-prefix\">Carlos Alberto Pignataro es un destacado artista abstracto cuya vida se ha convertido en un fascinante viaje de autodescubrimiento a trav\u00e9s del mundo del arte. Nacido en la ciudad de Buenos Aires, Pignataro inici\u00f3 su camino profesional como contador p\u00fablico, una carrera s\u00f3lida y convencional que le proporcion\u00f3 estabilidad, pero que no logr\u00f3 satisfacer su innata pasi\u00f3n por la creatividad y la expresi\u00f3n art\u00edstica.<br><br>Fue en el transcurso de su vida como contador que Carlos Alberto Pignataro comenz\u00f3 a explorar su inter\u00e9s por la pintura. A pesar de su formaci\u00f3n autodidacta, su habilidad innata para combinar colores y formas en su lienzo pronto se hizo evidente. Lo que comenz\u00f3 como un pasatiempo se convirti\u00f3 r\u00e1pidamente en una pasi\u00f3n desbordante que lo impuls\u00f3 a tomar una decisi\u00f3n audaz: abandonar su carrera contable y dedicarse por completo al mundo del arte.<br><br>La obra de CAP se caracteriza por su explosiva paleta de colores y su enfoque en el arte abstracto. Sus creaciones son aut\u00e9nticas explosiones de emoci\u00f3n y energ\u00eda, donde los colores y las formas se fusionan en composiciones din\u00e1micas que desaf\u00edan las convenciones y permiten a los espectadores explorar sus propias interpretaciones.<br><br>A pesar de su falta de formaci\u00f3n formal en arte, Pignataro ha desarrollado una t\u00e9cnica magistral que le permite transmitir sus emociones y pensamientos de manera \u00fanica en cada obra. Su estilo distintivo y vibrante ha ganado el reconocimiento y admiraci\u00f3n de amantes del arte en todo el mundo.<br><br>CAP se ha convertido en un ejemplo inspirador de la b\u00fasqueda apasionada de la vocaci\u00f3n art\u00edstica y la valent\u00eda de seguir el coraz\u00f3n en la b\u00fasqueda de la realizaci\u00f3n personal. Su obra contin\u00faa evolucionando, desafiando los l\u00edmites de la creatividad y brindando a los espectadores una experiencia visual que trasciende las palabras.<br><br>Hoy en d\u00eda, sus obras contin\u00faan asombrando y cautivando al p\u00fablico, y su legado en el mundo del arte sigue creciendo con cada pincelada de color.<\/span><\/div><div class=\"uagb-ifb-separator\"><\/div><\/div><\/div>\n\n\n\n<div class=\"wp-block-uagb-social-share uagb-social-share__outer-wrap uagb-social-share__layout-horizontal uagb-block-ca105938\">\n<div class=\"wp-block-uagb-social-share-child uagb-ss-repeater uagb-ss__wrapper uagb-block-76149940\"><span class=\"uagb-ss__link\" data-href=\"mailto:?body=\" tabindex=\"0\" role=\"button\" aria-label=\"email\"><span class=\"uagb-ss__source-wrap\"><span class=\"uagb-ss__source-icon\"><svg xmlns=\"https:\/\/www.w3.org\/2000\/svg\" viewBox=\"0 0 512 512\"><path d=\"M464 64C490.5 64 512 85.49 512 112C512 127.1 504.9 141.3 492.8 150.4L275.2 313.6C263.8 322.1 248.2 322.1 236.8 313.6L19.2 150.4C7.113 141.3 0 127.1 0 112C0 85.49 21.49 64 48 64H464zM217.6 339.2C240.4 356.3 271.6 356.3 294.4 339.2L512 176V384C512 419.3 483.3 448 448 448H64C28.65 448 0 419.3 0 384V176L217.6 339.2z\"><\/path><\/svg><\/span><\/span><\/span><\/div>\n\n\n\n<div class=\"wp-block-uagb-social-share-child uagb-ss-repeater uagb-ss__wrapper uagb-block-b0ac5467\"><span class=\"uagb-ss__link\" data-href=\"https:\/\/pinterest.com\/pin\/create\/link\/?url=\" tabindex=\"0\" role=\"button\" aria-label=\"pinterest\"><span class=\"uagb-ss__source-wrap\"><span class=\"uagb-ss__source-icon\"><svg xmlns=\"https:\/\/www.w3.org\/2000\/svg\" viewBox=\"0 0 448 512\"><path d=\"M448 80v352c0 26.5-21.5 48-48 48H154.4c9.8-16.4 22.4-40 27.4-59.3 3-11.5 15.3-58.4 15.3-58.4 8 15.3 31.4 28.2 56.3 28.2 74.1 0 127.4-68.1 127.4-152.7 0-81.1-66.2-141.8-151.4-141.8-106 0-162.2 71.1-162.2 148.6 0 36 19.2 80.8 49.8 95.1 4.7 2.2 7.1 1.2 8.2-3.3 .8-3.4 5-20.1 6.8-27.8 .6-2.5 .3-4.6-1.7-7-10.1-12.3-18.3-34.9-18.3-56 0-54.2 41-106.6 110.9-106.6 60.3 0 102.6 41.1 102.6 99.9 0 66.4-33.5 112.4-77.2 112.4-24.1 0-42.1-19.9-36.4-44.4 6.9-29.2 20.3-60.7 20.3-81.8 0-53-75.5-45.7-75.5 25 0 21.7 7.3 36.5 7.3 36.5-31.4 132.8-36.1 134.5-29.6 192.6l2.2 .8H48c-26.5 0-48-21.5-48-48V80c0-26.5 21.5-48 48-48h352c26.5 0 48 21.5 48 48z\"><\/path><\/svg><\/span><\/span><\/span><\/div>\n\n\n\n<div class=\"wp-block-uagb-social-share-child uagb-ss-repeater uagb-ss__wrapper uagb-block-6d45d77a\"><span class=\"uagb-ss__link\" data-href=\"https:\/\/www.facebook.com\/sharer.php?u=\" tabindex=\"0\" role=\"button\" aria-label=\"facebook\"><span class=\"uagb-ss__source-wrap\"><span class=\"uagb-ss__source-icon\"><svg xmlns=\"https:\/\/www.w3.org\/2000\/svg\" viewBox=\"0 0 512 512\"><path d=\"M504 256C504 119 393 8 256 8S8 119 8 256c0 123.8 90.69 226.4 209.3 245V327.7h-63V256h63v-54.64c0-62.15 37-96.48 93.67-96.48 27.14 0 55.52 4.84 55.52 4.84v61h-31.28c-30.8 0-40.41 19.12-40.41 38.73V256h68.78l-11 71.69h-57.78V501C413.3 482.4 504 379.8 504 256z\"><\/path><\/svg><\/span><\/span><\/span><\/div>\n\n\n\n<div class=\"wp-block-uagb-social-share-child uagb-ss-repeater uagb-ss__wrapper uagb-block-069d76a3\"><span class=\"uagb-ss__link\" data-href=\"https:\/\/www.facebook.com\/sharer.php?u=\" tabindex=\"0\" role=\"button\" aria-label=\"facebook\"><span class=\"uagb-ss__source-wrap\"><span class=\"uagb-ss__source-icon\"><svg xmlns=\"https:\/\/www.w3.org\/2000\/svg\" viewBox=\"0 0 448 512\"><path d=\"M224.1 141c-63.6 0-114.9 51.3-114.9 114.9s51.3 114.9 114.9 114.9S339 319.5 339 255.9 287.7 141 224.1 141zm0 189.6c-41.1 0-74.7-33.5-74.7-74.7s33.5-74.7 74.7-74.7 74.7 33.5 74.7 74.7-33.6 74.7-74.7 74.7zm146.4-194.3c0 14.9-12 26.8-26.8 26.8-14.9 0-26.8-12-26.8-26.8s12-26.8 26.8-26.8 26.8 12 26.8 26.8zm76.1 27.2c-1.7-35.9-9.9-67.7-36.2-93.9-26.2-26.2-58-34.4-93.9-36.2-37-2.1-147.9-2.1-184.9 0-35.8 1.7-67.6 9.9-93.9 36.1s-34.4 58-36.2 93.9c-2.1 37-2.1 147.9 0 184.9 1.7 35.9 9.9 67.7 36.2 93.9s58 34.4 93.9 36.2c37 2.1 147.9 2.1 184.9 0 35.9-1.7 67.7-9.9 93.9-36.2 26.2-26.2 34.4-58 36.2-93.9 2.1-37 2.1-147.8 0-184.8zM398.8 388c-7.8 19.6-22.9 34.7-42.6 42.6-29.5 11.7-99.5 9-132.1 9s-102.7 2.6-132.1-9c-19.6-7.8-34.7-22.9-42.6-42.6-11.7-29.5-9-99.5-9-132.1s-2.6-102.7 9-132.1c7.8-19.6 22.9-34.7 42.6-42.6 29.5-11.7 99.5-9 132.1-9s102.7-2.6 132.1 9c19.6 7.8 34.7 22.9 42.6 42.6 11.7 29.5 9 99.5 9 132.1s2.7 102.7-9 132.1z\"><\/path><\/svg><\/span><\/span><\/span><\/div>\n\n\n\n<div class=\"wp-block-uagb-social-share-child uagb-ss-repeater uagb-ss__wrapper uagb-block-f67a399d\"><span class=\"uagb-ss__link\" data-href=\"https:\/\/www.linkedin.com\/shareArticle?url=\" tabindex=\"0\" role=\"button\" aria-label=\"linkedin\"><span class=\"uagb-ss__source-wrap\"><\/span><\/span><\/div>\n\n\n\n<div class=\"wp-block-uagb-social-share-child uagb-ss-repeater uagb-ss__wrapper uagb-block-9139bde5\"><span class=\"uagb-ss__link\" data-href=\"https:\/\/www.facebook.com\/sharer.php?u=\" tabindex=\"0\" role=\"button\" aria-label=\"facebook\"><span class=\"uagb-ss__source-wrap\"><\/span><\/span><\/div>\n<\/div>\n<\/div>\n<\/div><\/div>\n\n\n\n<div class=\"wp-block-uagb-container uagb-block-6b968533 alignfull uagb-is-root-container\"><div class=\"uagb-container-inner-blocks-wrap\">\n<div class=\"wp-block-uagb-container uagb-block-c6ba3fc6\">\n<div class=\"wp-block-uagb-container uagb-block-d007fec1 alignfull uagb-is-root-container\"><div class=\"uagb-container-inner-blocks-wrap\">\n<div class=\"wp-block-uagb-container uagb-block-815c24b6\">\n<div class=\"wp-block-uagb-advanced-heading uagb-block-7bbb1e16\"><h6 class=\"uagb-heading-text\">Exposiciones<\/h6><\/div>\n<\/div>\n\n\n\n<div class=\"wp-block-uagb-container uagb-block-decbf510\">\n<p class=\"has-ast-global-color-2-color has-text-color\">CAP ha llevado su arte a escenarios internacionales, exhibiendo sus obras en prestigiosas exposiciones alrededor del mundo. Su dedicaci\u00f3n y talento lo han llevado a destacadas muestras de arte, incluyendo:<\/p>\n\n\n\n<p class=\"has-ast-global-color-2-color has-text-color\"><strong><mark style=\"background-color:rgba(0, 0, 0, 0)\" class=\"has-inline-color has-ast-global-color-0-color\">2023 &#8211; Noche de los Museos en Buenos Aires<br><\/mark><\/strong>Durante la emocionante Noche de los Museos en Buenos Aires, CAP se uni\u00f3 a la celebraci\u00f3n cultural de la ciudad, permitiendo a los asistentes explorar su perspectiva \u00fanica del arte abstracto.<\/p>\n\n\n\n<p class=\"has-ast-global-color-2-color has-text-color\"><strong><mark style=\"background-color:rgba(0, 0, 0, 0)\" class=\"has-inline-color has-ast-global-color-0-color\">2021 &#8211; III Festival de Arte Contempor\u00e1neo de la Costa del Sol en Marbella<br><\/mark><\/strong>CAP comparti\u00f3 su visi\u00f3n art\u00edstica en el escenario del III Festival de Arte Contempor\u00e1neo de la Costa del Sol en Marbella, una plataforma importante para artistas emergentes y consolidados que buscan conectar con un p\u00fablico diverso y apreciativo.<\/p>\n\n\n\n<p class=\"has-ast-global-color-2-color has-text-color\"><strong><mark style=\"background-color:rgba(0, 0, 0, 0)\" class=\"has-inline-color has-ast-global-color-0-color\">2021 &#8211; Mare Nostrum en Madrid<br><\/mark><\/strong>En la capital espa\u00f1ola, CAP particip\u00f3 en la exposici\u00f3n Mare Nostrum de la prestigiosa Galer\u00eda Gaud\u00ed, donde sus obras abstractas tomaron vida y exploraron las profundidades de la creatividad inspirada en el mar.<\/p>\n\n\n\n<p class=\"has-ast-global-color-2-color has-text-color\"><strong><mark style=\"background-color:rgba(0, 0, 0, 0)\" class=\"has-inline-color has-ast-global-color-0-color\">2019 &#8211; The Brick Lane Gallery en Londres<\/mark><br><\/strong>En una de las capitales art\u00edsticas m\u00e1s importantes del mundo, Pignataro tuvo el honor de exhibir su trabajo en The Brick Lane Gallery, donde sus obras abstractas cautivaron al p\u00fablico londinense.<\/p>\n\n\n\n<p class=\"has-ast-global-color-2-color has-text-color\"><strong><mark style=\"background-color:rgba(0, 0, 0, 0)\" class=\"has-inline-color has-ast-global-color-0-color\">2019 &#8211; Esp\u00edritu Londinense en Madrid<br><\/mark><\/strong>La influencia multicultural y cosmopolita de Madrid se uni\u00f3 con la creatividad de CAP en la exposici\u00f3n &#8220;Esp\u00edritu Londinense&#8221;, donde sus piezas se convirtieron en un punto culminante de la escena art\u00edstica madrile\u00f1a.<\/p>\n\n\n\n<p class=\"has-ast-global-color-2-color has-text-color\"><strong><mark style=\"background-color:rgba(0, 0, 0, 0)\" class=\"has-inline-color has-ast-global-color-0-color\">2017 &#8211; Espacio 10 Art Gallery en Buenos Aires<br><\/mark><\/strong>En su pa\u00eds de origen, Argentina, CAP present\u00f3 su arte en la prestigiosa Galer\u00eda Espacio 10 en Buenos Aires, una muestra de su impacto internacional y su capacidad para resonar en diversas culturas y entornos art\u00edsticos.<\/p>\n\n\n\n<p>Estas exposiciones representan solo una parte del reconocimiento y \u00e9xito que CAP ha alcanzado en su carrera art\u00edstica. Su capacidad para transmitir emociones a trav\u00e9s de su arte abstracto ha llevado su trabajo a lugares destacados en la escena art\u00edstica mundial, donde contin\u00faa cautivando a audiencias de todo el mundo.<\/p>\n<\/div>\n<\/div><\/div>\n<\/div>\n<\/div><\/div>\n\n\n\n<div class=\"wp-block-uagb-container uagb-block-903e8ae4 alignfull uagb-is-root-container\"><div class=\"uagb-container-inner-blocks-wrap\">\n<div class=\"wp-block-uagb-container uagb-block-9710755a\">\n<div class=\"wp-block-uagb-advanced-heading uagb-block-65c9f9cf\"><h2 class=\"uagb-heading-text\">Cuadros destacados<\/h2><\/div>\n<\/div>\n\n\n<div class=\"woocommerce columns-4 \"><ul class=\"products columns-4\">\n<li class=\"desktop-align-center tablet-align-left mobile-align-left product type-product post-2115 status-publish first instock product_cat-digital has-post-thumbnail featured downloadable sold-individually shipping-taxable purchasable product-type-simple\">\n\t<\/li>\n<li class=\"desktop-align-center tablet-align-left mobile-align-left product type-product post-2113 status-publish instock product_cat-digital has-post-thumbnail featured downloadable sold-individually shipping-taxable purchasable product-type-simple\">\n\t<\/li>\n<li class=\"desktop-align-center tablet-align-left mobile-align-left product type-product post-2108 status-publish instock product_cat-digital has-post-thumbnail featured downloadable sold-individually shipping-taxable purchasable product-type-simple\">\n\t<\/li>\n<li class=\"desktop-align-center tablet-align-left mobile-align-left product type-product post-2092 status-publish last instock product_cat-digital has-post-thumbnail featured downloadable sold-individually shipping-taxable purchasable product-type-simple\">\n\t<\/li>\n<\/ul>\n<\/div>\n\n\n\n<div class=\"wp-block-uagb-buttons uagb-buttons__outer-wrap uagb-btn__default-btn uagb-btn-tablet__default-btn uagb-btn-mobile__default-btn uagb-block-a60f60d7\"><div class=\"uagb-buttons__wrap uagb-buttons-layout-wrap\">\n<div class=\"wp-block-uagb-buttons-child uagb-buttons__outer-wrap uagb-block-06a2c7ba wp-block-button\"><div class=\"uagb-button__wrapper\"><a class=\"uagb-buttons-repeater wp-block-button__link\" href=\"https:\/\/arte-cap.com\/index.php\/shop-2\/\" onclick=\"return true;\" rel=\"follow noopener\" target=\"_self\"><div class=\"uagb-button__link\">VER TIENDA<\/div><\/a><\/div><\/div>\n<\/div><\/div>\n<\/div><\/div>\n\n\n\n<div class=\"wp-block-uagb-container uagb-block-ac896820 alignfull uagb-is-root-container\"><div class=\"uagb-container-inner-blocks-wrap\">\n<div class=\"wp-block-uagb-container uagb-block-2c1f33e7\">\n<div class=\"wp-block-uagb-info-box uagb-block-9e6806d7 uagb-infobox__content-wrap  uagb-infobox-icon-left uagb-infobox-left uagb-infobox-image-valign-top\"><div class=\"uagb-ifb-icon-wrap\"><div class=\"uagb-iconbox-icon-wrap uagb-infobox-shape-circle\"><svg xmlns=\"https:\/\/www.w3.org\/2000\/svg\" viewBox=\"0 0 640 512\"><path d=\"M368 0C394.5 0 416 21.49 416 48V96H466.7C483.7 96 499.1 102.7 512 114.7L589.3 192C601.3 204 608 220.3 608 237.3V352C625.7 352 640 366.3 640 384C640 401.7 625.7 416 608 416H576C576 469 533 512 480 512C426.1 512 384 469 384 416H256C256 469 213 512 160 512C106.1 512 64 469 64 416H48C21.49 416 0 394.5 0 368V48C0 21.49 21.49 0 48 0H368zM416 160V256H544V237.3L466.7 160H416zM160 368C133.5 368 112 389.5 112 416C112 442.5 133.5 464 160 464C186.5 464 208 442.5 208 416C208 389.5 186.5 368 160 368zM480 464C506.5 464 528 442.5 528 416C528 389.5 506.5 368 480 368C453.5 368 432 389.5 432 416C432 442.5 453.5 464 480 464z\"><\/path><\/svg><\/div><\/div><div class=\"uagb-ifb-content\"><div class=\"uagb-ifb-title-wrap\"><h6 class=\"uagb-ifb-title\"><strong>ENVIAMOS SU OBRA<\/strong><\/h6><\/div><p class=\"uagb-ifb-desc\">Entregas a todo el mundo<\/p><\/div><\/div>\n<\/div>\n\n\n\n<div class=\"wp-block-uagb-container uagb-block-7b21ab63\">\n<div class=\"wp-block-uagb-info-box uagb-block-b7f24903 uagb-infobox__content-wrap  uagb-infobox-icon-left uagb-infobox-left uagb-infobox-image-valign-top\"><div class=\"uagb-ifb-icon-wrap\"><div class=\"uagb-iconbox-icon-wrap uagb-infobox-shape-circle\"><svg xmlns=\"https:\/\/www.w3.org\/2000\/svg\" viewBox=\"0 0 576 512\"><path d=\"M512 32C547.3 32 576 60.65 576 96V128H0V96C0 60.65 28.65 32 64 32H512zM576 416C576 451.3 547.3 480 512 480H64C28.65 480 0 451.3 0 416V224H576V416zM112 352C103.2 352 96 359.2 96 368C96 376.8 103.2 384 112 384H176C184.8 384 192 376.8 192 368C192 359.2 184.8 352 176 352H112zM240 384H368C376.8 384 384 376.8 384 368C384 359.2 376.8 352 368 352H240C231.2 352 224 359.2 224 368C224 376.8 231.2 384 240 384z\"><\/path><\/svg><\/div><\/div><div class=\"uagb-ifb-content\"><div class=\"uagb-ifb-title-wrap\"><h6 class=\"uagb-ifb-title\"><strong>PAGO SEGURO<\/strong><\/h6><\/div><p class=\"uagb-ifb-desc\">Tarjetas o transferencia<\/p><\/div><\/div>\n<\/div>\n\n\n\n<div class=\"wp-block-uagb-container uagb-block-42046b0e\">\n<div class=\"wp-block-uagb-info-box uagb-block-e8e2785f uagb-infobox__content-wrap  uagb-infobox-icon-left uagb-infobox-left uagb-infobox-image-valign-top\"><div class=\"uagb-ifb-icon-wrap\"><div class=\"uagb-iconbox-icon-wrap uagb-infobox-shape-circle\"><svg xmlns=\"https:\/\/www.w3.org\/2000\/svg\" viewBox=\"0 0 512 512\"><path d=\"M256 53.46L300.1 7.261C307 1.034 315.1-1.431 324.4 .8185C332.8 3.068 339.3 9.679 341.4 18.1L357.3 80.6L419.3 63.07C427.7 60.71 436.7 63.05 442.8 69.19C448.1 75.34 451.3 84.33 448.9 92.69L431.4 154.7L493.9 170.6C502.3 172.7 508.9 179.2 511.2 187.6C513.4 196 510.1 204.1 504.7 211L458.5 256L504.7 300.1C510.1 307 513.4 315.1 511.2 324.4C508.9 332.8 502.3 339.3 493.9 341.4L431.4 357.3L448.9 419.3C451.3 427.7 448.1 436.7 442.8 442.8C436.7 448.1 427.7 451.3 419.3 448.9L357.3 431.4L341.4 493.9C339.3 502.3 332.8 508.9 324.4 511.2C315.1 513.4 307 510.1 300.1 504.7L256 458.5L211 504.7C204.1 510.1 196 513.4 187.6 511.2C179.2 508.9 172.7 502.3 170.6 493.9L154.7 431.4L92.69 448.9C84.33 451.3 75.34 448.1 69.19 442.8C63.05 436.7 60.71 427.7 63.07 419.3L80.6 357.3L18.1 341.4C9.679 339.3 3.068 332.8 .8186 324.4C-1.431 315.1 1.034 307 7.261 300.1L53.46 256L7.261 211C1.034 204.1-1.431 196 .8186 187.6C3.068 179.2 9.679 172.7 18.1 170.6L80.6 154.7L63.07 92.69C60.71 84.33 63.05 75.34 69.19 69.19C75.34 63.05 84.33 60.71 92.69 63.07L154.7 80.6L170.6 18.1C172.7 9.679 179.2 3.068 187.6 .8185C196-1.431 204.1 1.034 211 7.261L256 53.46z\"><\/path><\/svg><\/div><\/div><div class=\"uagb-ifb-content\"><div class=\"uagb-ifb-title-wrap\"><h6 class=\"uagb-ifb-title\">OBRAS CERTIFICADAS<\/h6><\/div><p class=\"uagb-ifb-desc\">Obras con certificado de autenticidad<\/p><\/div><\/div>\n<\/div>\n\n\n\n<div class=\"wp-block-uagb-container uagb-block-72080455\">\n<div class=\"wp-block-uagb-info-box uagb-block-37bdbb7a uagb-infobox__content-wrap  uagb-infobox-icon-left uagb-infobox-left uagb-infobox-image-valign-top\"><div class=\"uagb-ifb-icon-wrap\"><div class=\"uagb-iconbox-icon-wrap uagb-infobox-shape-circle\"><svg xmlns=\"https:\/\/www.w3.org\/2000\/svg\" viewBox=\"0 0 512 512\"><path d=\"M256 0C114.6 0 0 114.6 0 256s114.6 256 256 256s256-114.6 256-256S397.4 0 256 0zM256 400c-18 0-32-14-32-32s13.1-32 32-32c17.1 0 32 14 32 32S273.1 400 256 400zM325.1 258L280 286V288c0 13-11 24-24 24S232 301 232 288V272c0-8 4-16 12-21l57-34C308 213 312 206 312 198C312 186 301.1 176 289.1 176h-51.1C225.1 176 216 186 216 198c0 13-11 24-24 24s-24-11-24-24C168 159 199 128 237.1 128h51.1C329 128 360 159 360 198C360 222 347 245 325.1 258z\"><\/path><\/svg><\/div><\/div><div class=\"uagb-ifb-content\"><div class=\"uagb-ifb-title-wrap\"><h6 class=\"uagb-ifb-title\">TIENE DUDAS?<\/h6><\/div><p class=\"uagb-ifb-desc\">Nuestro equipo puede ayudarlo<\/p><\/div><\/div>\n<\/div>\n<\/div><\/div>\n","protected":false},"excerpt":{"rendered":"<p>CAP &#8211; Carlos Alberto Pignataro Exposiciones CAP ha llevado su arte a escenarios internacionales, exhibiendo sus obras en prestigiosas exposiciones alrededor del mundo. Su dedicaci\u00f3n y talento lo han llevado a destacadas muestras de arte, incluyendo: 2023 &#8211; Noche de los Museos en Buenos AiresDurante la emocionante Noche de los Museos en Buenos Aires, CAP &hellip;<\/p>\n<p class=\"read-more\"> <a class=\"\" href=\"https:\/\/arte-cap.com\/index.php\/about\/\"> <span class=\"screen-reader-text\">Sobre CAP<\/span> Leer m\u00e1s &raquo;<\/a><\/p>\n","protected":false},"author":1,"featured_media":0,"parent":0,"menu_order":0,"comment_status":"closed","ping_status":"closed","template":"","meta":{"_uag_custom_page_level_css":"","site-sidebar-layout":"no-sidebar","site-content-layout":"page-builder","ast-site-content-layout":"full-width-container","site-content-style":"unboxed","site-sidebar-style":"unboxed","ast-global-header-display":"","ast-banner-title-visibility":"","ast-main-header-display":"","ast-hfb-above-header-display":"","ast-hfb-below-header-display":"","ast-hfb-mobile-header-display":"","site-post-title":"disabled","ast-breadcrumbs-content":"disabled","ast-featured-img":"disabled","footer-sml-layout":"","theme-transparent-header-meta":"enabled","adv-header-id-meta":"","stick-header-meta":"","header-above-stick-meta":"","header-main-stick-meta":"","header-below-stick-meta":"","astra-migrate-meta-layouts":"set","footnotes":""},"uagb_featured_image_src":{"full":false,"thumbnail":false,"medium":false,"medium_large":false,"large":false,"1536x1536":false,"2048x2048":false,"woocommerce_thumbnail":false,"woocommerce_single":false,"woocommerce_gallery_thumbnail":false},"uagb_author_info":{"display_name":"Pigna","author_link":"https:\/\/arte-cap.com\/index.php\/author\/arte-cap-com\/"},"uagb_comment_info":0,"uagb_excerpt":"CAP &#8211; Carlos Alberto Pignataro Exposiciones CAP ha llevado su arte a escenarios internacionales, exhibiendo sus obras en prestigiosas exposiciones alrededor del mundo. Su dedicaci\u00f3n y talento lo han llevado a destacadas muestras de arte, incluyendo: 2023 &#8211; Noche de los Museos en Buenos AiresDurante la emocionante Noche de los Museos en Buenos Aires, CAP&hellip;","_links":{"self":[{"href":"https:\/\/arte-cap.com\/index.php\/wp-json\/wp\/v2\/pages\/1116"}],"collection":[{"href":"https:\/\/arte-cap.com\/index.php\/wp-json\/wp\/v2\/pages"}],"about":[{"href":"https:\/\/arte-cap.com\/index.php\/wp-json\/wp\/v2\/types\/page"}],"author":[{"embeddable":true,"href":"https:\/\/arte-cap.com\/index.php\/wp-json\/wp\/v2\/users\/1"}],"replies":[{"embeddable":true,"href":"https:\/\/arte-cap.com\/index.php\/wp-json\/wp\/v2\/comments?post=1116"}],"version-history":[{"count":13,"href":"https:\/\/arte-cap.com\/index.php\/wp-json\/wp\/v2\/pages\/1116\/revisions"}],"predecessor-version":[{"id":2033,"href":"https:\/\/arte-cap.com\/index.php\/wp-json\/wp\/v2\/pages\/1116\/revisions\/2033"}],"wp:attachment":[{"href":"https:\/\/arte-cap.com\/index.php\/wp-json\/wp\/v2\/media?parent=1116"}],"curies":[{"name":"wp","href":"https:\/\/api.w.org\/{rel}","templated":true}]}}