{"id":1847,"date":"2023-09-28T17:26:22","date_gmt":"2023-09-28T20:26:22","guid":{"rendered":"https:\/\/arte-cap.com\/?post_type=product&#038;p=1847"},"modified":"2024-02-08T17:54:32","modified_gmt":"2024-02-08T20:54:32","slug":"el-baile","status":"publish","type":"product","link":"https:\/\/arte-cap.com\/index.php\/product\/el-baile\/","title":{"rendered":"El baile (70 x 70 cm)"},"content":{"rendered":"<h3 class=\"ArtistInfo__title\">El baile<\/h3>\n<div class=\"ArtistInfo__table\">\n<div class=\"ArtistInfo__properties\">\n<div>Tama\u00f1o: 70 x 70 cm<\/div>\n<div class=\"ArtistInfo__titleField\">Estilos: Abstracto<\/div>\n<\/div>\n<div class=\"ArtistInfo__properties\">\n<div class=\"ArtistInfo__titleField\">Soporte: Lienzo<\/div>\n<\/div>\n<div class=\"ArtistInfo__properties\">\n<div class=\"ArtistInfo__titleField\">T\u00e9cnicas: Acr\u00edlico<\/div>\n<\/div>\n<div class=\"ArtistInfo__properties\">\n<div class=\"ArtistInfo__titleField\">A\u00f1o: 2012<\/div>\n<\/div>\n<\/div>\n","protected":false},"excerpt":{"rendered":"<p>El baile Tama\u00f1o: 70 x 70 cm Estilos: Abstracto Soporte: Lienzo T\u00e9cnicas: Acr\u00edlico A\u00f1o: 2012<\/p>\n","protected":false},"featured_media":2019,"template":"","meta":{"_uag_custom_page_level_css":"","site-sidebar-layout":"default","site-content-layout":"content-boxed-container","ast-site-content-layout":"normal-width-container","site-content-style":"boxed","site-sidebar-style":"unboxed","ast-global-header-display":"","ast-banner-title-visibility":"","ast-main-header-display":"","ast-hfb-above-header-display":"","ast-hfb-below-header-display":"","ast-hfb-mobile-header-display":"","site-post-title":"","ast-breadcrumbs-content":"","ast-featured-img":"","footer-sml-layout":"","theme-transparent-header-meta":"default","adv-header-id-meta":"","stick-header-meta":"","header-above-stick-meta":"","header-main-stick-meta":"","header-below-stick-meta":"","astra-migrate-meta-layouts":"set"},"product_cat":[25],"product_tag":[],"uagb_featured_image_src":{"full":["https:\/\/arte-cap.com\/wp-content\/uploads\/2023\/09\/EB-Ejemplo.jpg",1500,1500,false],"thumbnail":["https:\/\/arte-cap.com\/wp-content\/uploads\/2023\/09\/EB-Ejemplo-150x150.jpg",150,150,true],"medium":["https:\/\/arte-cap.com\/wp-content\/uploads\/2023\/09\/EB-Ejemplo-300x300.jpg",300,300,true],"medium_large":["https:\/\/arte-cap.com\/wp-content\/uploads\/2023\/09\/EB-Ejemplo-768x768.jpg",768,768,true],"large":["https:\/\/arte-cap.com\/wp-content\/uploads\/2023\/09\/EB-Ejemplo-1024x1024.jpg",1024,1024,true],"1536x1536":["https:\/\/arte-cap.com\/wp-content\/uploads\/2023\/09\/EB-Ejemplo.jpg",1500,1500,false],"2048x2048":["https:\/\/arte-cap.com\/wp-content\/uploads\/2023\/09\/EB-Ejemplo.jpg",1500,1500,false],"woocommerce_thumbnail":["https:\/\/arte-cap.com\/wp-content\/uploads\/2023\/09\/EB-Ejemplo-300x300.jpg",300,300,true],"woocommerce_single":["https:\/\/arte-cap.com\/wp-content\/uploads\/2023\/09\/EB-Ejemplo-600x600.jpg",600,600,true],"woocommerce_gallery_thumbnail":["https:\/\/arte-cap.com\/wp-content\/uploads\/2023\/09\/EB-Ejemplo-100x100.jpg",100,100,true]},"uagb_author_info":{"display_name":"Pigna","author_link":"https:\/\/arte-cap.com\/index.php\/author\/"},"uagb_comment_info":0,"uagb_excerpt":"El baile Tama\u00f1o: 70 x 70 cm Estilos: Abstracto Soporte: Lienzo T\u00e9cnicas: Acr\u00edlico A\u00f1o: 2012","_links":{"self":[{"href":"https:\/\/arte-cap.com\/index.php\/wp-json\/wp\/v2\/product\/1847"}],"collection":[{"href":"https:\/\/arte-cap.com\/index.php\/wp-json\/wp\/v2\/product"}],"about":[{"href":"https:\/\/arte-cap.com\/index.php\/wp-json\/wp\/v2\/types\/product"}],"wp:featuredmedia":[{"embeddable":true,"href":"https:\/\/arte-cap.com\/index.php\/wp-json\/wp\/v2\/media\/2019"}],"wp:attachment":[{"href":"https:\/\/arte-cap.com\/index.php\/wp-json\/wp\/v2\/media?parent=1847"}],"wp:term":[{"taxonomy":"product_cat","embeddable":true,"href":"https:\/\/arte-cap.com\/index.php\/wp-json\/wp\/v2\/product_cat?post=1847"},{"taxonomy":"product_tag","embeddable":true,"href":"https:\/\/arte-cap.com\/index.php\/wp-json\/wp\/v2\/product_tag?post=1847"}],"curies":[{"name":"wp","href":"https:\/\/api.w.org\/{rel}","templated":true}]}}